{"id":9873,"date":"2025-01-28T16:42:15","date_gmt":"2025-01-28T16:42:15","guid":{"rendered":"https:\/\/intercoined.com\/?page_id=9873"},"modified":"2026-02-13T12:55:27","modified_gmt":"2026-02-13T12:55:27","slug":"contato","status":"publish","type":"page","link":"https:\/\/intercoined.com\/pt\/contato\/","title":{"rendered":"Contato"},"content":{"rendered":"<div data-elementor-type=\"wp-page\" data-elementor-id=\"9873\" class=\"elementor elementor-9873\" data-elementor-post-type=\"page\">\n\t\t\t\t\t\t<section class=\"elementor-section elementor-top-section elementor-element elementor-element-bd8e7cd elementor-section-height-min-height elementor-section-boxed elementor-section-height-default elementor-section-items-middle\" data-id=\"bd8e7cd\" data-element_type=\"section\" data-e-type=\"section\" data-settings=\"{&quot;jet_parallax_layout_list&quot;:[],&quot;background_background&quot;:&quot;classic&quot;}\">\n\t\t\t\t\t\t<div class=\"elementor-container elementor-column-gap-default\">\n\t\t\t\t\t<div class=\"elementor-column elementor-col-100 elementor-top-column elementor-element elementor-element-f79c59d\" data-id=\"f79c59d\" data-element_type=\"column\" data-e-type=\"column\">\n\t\t\t<div class=\"elementor-widget-wrap\">\n\t\t\t\t\t\t\t<\/div>\n\t\t<\/div>\n\t\t\t\t\t<\/div>\n\t\t<\/section>\n\t\t\t\t<section class=\"elementor-section elementor-top-section elementor-element elementor-element-3db399b elementor-section-boxed elementor-section-height-default elementor-section-height-default\" data-id=\"3db399b\" data-element_type=\"section\" data-e-type=\"section\" data-settings=\"{&quot;jet_parallax_layout_list&quot;:[]}\">\n\t\t\t\t\t\t<div class=\"elementor-container elementor-column-gap-default\">\n\t\t\t\t\t<div class=\"elementor-column elementor-col-50 elementor-top-column elementor-element elementor-element-9958a8e\" data-id=\"9958a8e\" data-element_type=\"column\" data-e-type=\"column\">\n\t\t\t<div class=\"elementor-widget-wrap elementor-element-populated\">\n\t\t\t\t\t\t<div class=\"elementor-element elementor-element-6d5fdd7 elementor-align-left elementor-widget elementor-widget-breadcrumbs\" data-id=\"6d5fdd7\" data-element_type=\"widget\" data-e-type=\"widget\" data-widget_type=\"breadcrumbs.default\">\n\t\t\t\t<div class=\"elementor-widget-container\">\n\t\t\t\t\t<span id=\"breadcrumbs\"><span><span><a href=\"https:\/\/intercoined.com\/pt\/\">Coined<\/a><\/span><\/span><\/span>\t\t\t\t<\/div>\n\t\t\t\t<\/div>\n\t\t\t\t<section class=\"elementor-section elementor-inner-section elementor-element elementor-element-fbeb93e elementor-section-boxed elementor-section-height-default elementor-section-height-default\" data-id=\"fbeb93e\" data-element_type=\"section\" data-e-type=\"section\" data-settings=\"{&quot;jet_parallax_layout_list&quot;:[],&quot;sticky&quot;:&quot;top&quot;,&quot;sticky_on&quot;:[&quot;desktop&quot;,&quot;laptop&quot;,&quot;tablet&quot;],&quot;sticky_offset&quot;:100,&quot;sticky_parent&quot;:&quot;yes&quot;,&quot;sticky_effects_offset&quot;:0,&quot;sticky_anchor_link_offset&quot;:0}\">\n\t\t\t\t\t\t<div class=\"elementor-container elementor-column-gap-default\">\n\t\t\t\t\t<div class=\"elementor-column elementor-col-100 elementor-inner-column elementor-element elementor-element-52ecdae\" data-id=\"52ecdae\" data-element_type=\"column\" data-e-type=\"column\">\n\t\t\t<div class=\"elementor-widget-wrap elementor-element-populated\">\n\t\t\t\t\t\t<div class=\"elementor-element elementor-element-665d06d elementor-widget__width-initial elementor-widget elementor-widget-heading\" data-id=\"665d06d\" data-element_type=\"widget\" data-e-type=\"widget\" data-widget_type=\"heading.default\">\n\t\t\t\t<div class=\"elementor-widget-container\">\n\t\t\t\t\t<h2 class=\"elementor-heading-title elementor-size-default\">Entre em contato conosco<\/h2>\t\t\t\t<\/div>\n\t\t\t\t<\/div>\n\t\t\t\t<div class=\"elementor-element elementor-element-50012bc elementor-widget elementor-widget-text-editor\" data-id=\"50012bc\" data-element_type=\"widget\" data-e-type=\"widget\" data-widget_type=\"text-editor.default\">\n\t\t\t\t<div class=\"elementor-widget-container\">\n\t\t\t\t\t\t\t\t\t<p>Preencha o formul\u00e1rio e entraremos em contato em breve.<\/p>\t\t\t\t\t\t\t\t<\/div>\n\t\t\t\t<\/div>\n\t\t\t\t<div class=\"elementor-element elementor-element-46b5342 elementor-widget elementor-widget-heading\" data-id=\"46b5342\" data-element_type=\"widget\" data-e-type=\"widget\" data-widget_type=\"heading.default\">\n\t\t\t\t<div class=\"elementor-widget-container\">\n\t\t\t\t\t<h2 class=\"elementor-heading-title elementor-size-default\">Argentina<\/h2>\t\t\t\t<\/div>\n\t\t\t\t<\/div>\n\t\t\t\t<div class=\"elementor-element elementor-element-d4692a6 elementor-widget__width-initial elementor-widget elementor-widget-image\" data-id=\"d4692a6\" data-element_type=\"widget\" data-e-type=\"widget\" data-widget_type=\"image.default\">\n\t\t\t\t<div class=\"elementor-widget-container\">\n\t\t\t\t\t\t\t\t\t\t\t\t\t\t\t<img decoding=\"async\" width=\"27\" height=\"26\" src=\"https:\/\/intercoined.com\/wp-content\/uploads\/2023\/07\/Group-162.svg\" class=\"attachment-large size-large wp-image-1701\" alt=\"\" \/>\t\t\t\t\t\t\t\t\t\t\t\t\t\t\t<\/div>\n\t\t\t\t<\/div>\n\t\t\t\t<div class=\"elementor-element elementor-element-2b4588c elementor-widget__width-initial elementor-widget elementor-widget-heading\" data-id=\"2b4588c\" data-element_type=\"widget\" data-e-type=\"widget\" data-widget_type=\"heading.default\">\n\t\t\t\t<div class=\"elementor-widget-container\">\n\t\t\t\t\t<h2 class=\"elementor-heading-title elementor-size-default\">+54 9 11 32262966<\/h2>\t\t\t\t<\/div>\n\t\t\t\t<\/div>\n\t\t\t\t<div class=\"elementor-element elementor-element-e1dfd97 elementor-widget__width-initial elementor-widget elementor-widget-image\" data-id=\"e1dfd97\" data-element_type=\"widget\" data-e-type=\"widget\" data-widget_type=\"image.default\">\n\t\t\t\t<div class=\"elementor-widget-container\">\n\t\t\t\t\t\t\t\t\t\t\t\t\t\t\t<img decoding=\"async\" width=\"64\" height=\"64\" src=\"https:\/\/intercoined.com\/wp-content\/uploads\/2023\/07\/envelope-2.png\" class=\"attachment-large size-large wp-image-1764\" alt=\"\" \/>\t\t\t\t\t\t\t\t\t\t\t\t\t\t\t<\/div>\n\t\t\t\t<\/div>\n\t\t\t\t<div class=\"elementor-element elementor-element-a1c523a elementor-widget__width-initial elementor-widget elementor-widget-heading\" data-id=\"a1c523a\" data-element_type=\"widget\" data-e-type=\"widget\" data-widget_type=\"heading.default\">\n\t\t\t\t<div class=\"elementor-widget-container\">\n\t\t\t\t\t<h2 class=\"elementor-heading-title elementor-size-default\">info@coined.us<\/h2>\t\t\t\t<\/div>\n\t\t\t\t<\/div>\n\t\t\t\t<div class=\"elementor-element elementor-element-07ad0b4 elementor-widget__width-initial elementor-widget elementor-widget-image\" data-id=\"07ad0b4\" data-element_type=\"widget\" data-e-type=\"widget\" data-widget_type=\"image.default\">\n\t\t\t\t<div class=\"elementor-widget-container\">\n\t\t\t\t\t\t\t\t\t\t\t\t\t\t\t<img decoding=\"async\" width=\"54\" height=\"70\" src=\"https:\/\/intercoined.com\/wp-content\/uploads\/2023\/07\/Capa_1-3.svg\" class=\"attachment-large size-large wp-image-689\" alt=\"\" \/>\t\t\t\t\t\t\t\t\t\t\t\t\t\t\t<\/div>\n\t\t\t\t<\/div>\n\t\t\t\t<div class=\"elementor-element elementor-element-9e8dabe elementor-widget__width-initial elementor-widget elementor-widget-heading\" data-id=\"9e8dabe\" data-element_type=\"widget\" data-e-type=\"widget\" data-widget_type=\"heading.default\">\n\t\t\t\t<div class=\"elementor-widget-container\">\n\t\t\t\t\t<h2 class=\"elementor-heading-title elementor-size-default\">San Jos\u00e9 de Calasanz 151, C\u00f3rdoba\n<\/h2>\t\t\t\t<\/div>\n\t\t\t\t<\/div>\n\t\t\t\t<div class=\"elementor-element elementor-element-ca9c669 elementor-widget elementor-widget-image\" data-id=\"ca9c669\" data-element_type=\"widget\" data-e-type=\"widget\" data-widget_type=\"image.default\">\n\t\t\t\t<div class=\"elementor-widget-container\">\n\t\t\t\t\t\t\t\t\t\t\t\t\t\t\t<img loading=\"lazy\" decoding=\"async\" width=\"111\" height=\"79\" src=\"https:\/\/intercoined.com\/wp-content\/uploads\/2023\/07\/Capa_1-2.svg\" class=\"attachment-large size-large wp-image-688\" alt=\"\" \/>\t\t\t\t\t\t\t\t\t\t\t\t\t\t\t<\/div>\n\t\t\t\t<\/div>\n\t\t\t\t\t<\/div>\n\t\t<\/div>\n\t\t\t\t\t<\/div>\n\t\t<\/section>\n\t\t\t\t\t<\/div>\n\t\t<\/div>\n\t\t\t\t<div class=\"elementor-column elementor-col-50 elementor-top-column elementor-element elementor-element-f225f73\" data-id=\"f225f73\" data-element_type=\"column\" data-e-type=\"column\">\n\t\t\t<div class=\"elementor-widget-wrap elementor-element-populated\">\n\t\t\t\t\t\t<div class=\"elementor-element elementor-element-b1955ba elementor-button-align-stretch elementor-widget elementor-widget-form\" data-id=\"b1955ba\" data-element_type=\"widget\" data-e-type=\"widget\" data-settings=\"{&quot;step_next_label&quot;:&quot;Next&quot;,&quot;step_previous_label&quot;:&quot;Previous&quot;,&quot;button_width&quot;:&quot;100&quot;,&quot;step_type&quot;:&quot;number_text&quot;,&quot;step_icon_shape&quot;:&quot;circle&quot;}\" data-widget_type=\"form.default\">\n\t\t\t\t<div class=\"elementor-widget-container\">\n\t\t\t\t\t\t\t<form class=\"elementor-form\" method=\"post\" name=\"Contact us\" aria-label=\"Entre em contato conosco\" action=\"\">\n\t\t\t<input type=\"hidden\" name=\"post_id\" value=\"9873\"\/>\n\t\t\t<input type=\"hidden\" name=\"form_id\" value=\"b1955ba\"\/>\n\t\t\t<input type=\"hidden\" name=\"referer_title\" value=\"Contact - Intercoined\" \/>\n\n\t\t\t\t\t\t\t<input type=\"hidden\" name=\"queried_id\" value=\"9873\"\/>\n\t\t\t\n\t\t\t<div class=\"elementor-form-fields-wrapper elementor-labels-above\">\n\t\t\t\t\t\t\t\t<div class=\"elementor-field-type-text elementor-field-group elementor-column elementor-field-group-name elementor-col-100 elementor-field-required elementor-mark-required\">\n\t\t\t\t\t\t\t\t\t\t\t\t<label for=\"form-field-name\" class=\"elementor-field-label\">\n\t\t\t\t\t\t\t\tNome\t\t\t\t\t\t\t<\/label>\n\t\t\t\t\t\t\t\t\t\t\t\t\t\t<input size=\"1\" type=\"text\" name=\"form_fields[name]\" id=\"form-field-name\" class=\"elementor-field elementor-size-sm  elementor-field-textual\" placeholder=\"Nome\" required=\"required\">\n\t\t\t\t\t\t\t\t\t\t\t<\/div>\n\t\t\t\t\t\t\t\t<div class=\"elementor-field-type-text elementor-field-group elementor-column elementor-field-group-field_384c3aa elementor-col-100 elementor-field-required elementor-mark-required\">\n\t\t\t\t\t\t\t\t\t\t\t\t<label for=\"form-field-field_384c3aa\" class=\"elementor-field-label\">\n\t\t\t\t\t\t\t\tSobrenome\t\t\t\t\t\t\t<\/label>\n\t\t\t\t\t\t\t\t\t\t\t\t\t\t<input size=\"1\" type=\"text\" name=\"form_fields[field_384c3aa]\" id=\"form-field-field_384c3aa\" class=\"elementor-field elementor-size-sm  elementor-field-textual\" placeholder=\"Sobrenome\" required=\"required\">\n\t\t\t\t\t\t\t\t\t\t\t<\/div>\n\t\t\t\t\t\t\t\t<div class=\"elementor-field-type-number elementor-field-group elementor-column elementor-field-group-field_77b8b47 elementor-col-100 elementor-field-required elementor-mark-required\">\n\t\t\t\t\t\t\t\t\t\t\t\t<label for=\"form-field-field_77b8b47\" class=\"elementor-field-label\">\n\t\t\t\t\t\t\t\tN\u00famero de telefone\/WhastApp\t\t\t\t\t\t\t<\/label>\n\t\t\t\t\t\t\t\t\t<input type=\"number\" name=\"form_fields[field_77b8b47]\" id=\"form-field-field_77b8b47\" class=\"elementor-field elementor-size-sm  elementor-field-textual\" placeholder=\"+54 9 351000000 (adicione o c\u00f3digo de \u00e1rea)\" required=\"required\" min=\"\" max=\"\" >\n\t\t\t\t\t\t<\/div>\n\t\t\t\t\t\t\t\t<div class=\"elementor-field-type-email elementor-field-group elementor-column elementor-field-group-email elementor-col-100 elementor-field-required elementor-mark-required\">\n\t\t\t\t\t\t\t\t\t\t\t\t<label for=\"form-field-email\" class=\"elementor-field-label\">\n\t\t\t\t\t\t\t\tE-mail\t\t\t\t\t\t\t<\/label>\n\t\t\t\t\t\t\t\t\t\t\t\t\t\t<input size=\"1\" type=\"email\" name=\"form_fields[email]\" id=\"form-field-email\" class=\"elementor-field elementor-size-sm  elementor-field-textual\" placeholder=\"E-mail\" required=\"required\">\n\t\t\t\t\t\t\t\t\t\t\t<\/div>\n\t\t\t\t\t\t\t\t<div class=\"elementor-field-type-select elementor-field-group elementor-column elementor-field-group-field_84bf759 elementor-col-100 elementor-field-required elementor-mark-required\">\n\t\t\t\t\t\t\t\t\t\t\t\t<label for=\"form-field-field_84bf759\" class=\"elementor-field-label\">\n\t\t\t\t\t\t\t\tOnde voc\u00ea gostaria de estudar?\t\t\t\t\t\t\t<\/label>\n\t\t\t\t\t\t\t\t<div class=\"elementor-field elementor-select-wrapper remove-before\">\n\t\t\t<div class=\"select-caret-down-wrapper\">\n\t\t\t\t<i aria-hidden=\"true\" class=\"eicon-caret-down\"><\/i>\t\t\t<\/div>\n\t\t\t<select name=\"form_fields[field_84bf759]\" id=\"form-field-field_84bf759\" class=\"elementor-field-textual elementor-size-sm\" required=\"required\">\n\t\t\t\t\t\t\t\t\t<option value=\"Argentina\">Argentina<\/option>\n\t\t\t\t\t\t\t\t\t<option value=\"Chile\">Chile<\/option>\n\t\t\t\t\t\t\t\t\t<option value=\"Per\u00fa\">Peru<\/option>\n\t\t\t\t\t\t\t\t\t<option value=\"Colombia\">Col\u00f4mbia<\/option>\n\t\t\t\t\t\t\t\t\t<option value=\"Costa Rica \">Costa Rica <\/option>\n\t\t\t\t\t\t\t\t\t<option value=\"Cuba\">Cuba<\/option>\n\t\t\t\t\t\t\t\t\t<option value=\"Dominican Republic\">Rep\u00fablica Dominicana<\/option>\n\t\t\t\t\t\t\t\t\t<option value=\"Ecuador\">Equador<\/option>\n\t\t\t\t\t\t\t\t\t<option value=\"Guatemala\">Guatemala<\/option>\n\t\t\t\t\t\t\t\t\t<option value=\"Mexico\">M\u00e9xico<\/option>\n\t\t\t\t\t\t\t\t\t<option value=\"Panama\">Panam\u00e1<\/option>\n\t\t\t\t\t\t\t\t\t<option value=\"Peru\">Peru<\/option>\n\t\t\t\t\t\t\t<\/select>\n\t\t<\/div>\n\t\t\t\t\t\t<\/div>\n\t\t\t\t\t\t\t\t<div class=\"elementor-field-type-textarea elementor-field-group elementor-column elementor-field-group-message elementor-col-100\">\n\t\t\t\t\t\t\t\t\t\t\t\t<label for=\"form-field-message\" class=\"elementor-field-label\">\n\t\t\t\t\t\t\t\tComent\u00e1rios\t\t\t\t\t\t\t<\/label>\n\t\t\t\t\t\t<textarea class=\"elementor-field-textual elementor-field  elementor-size-sm\" name=\"form_fields[message]\" id=\"form-field-message\" rows=\"4\" placeholder=\"Coment\u00e1rios\"><\/textarea>\t\t\t\t<\/div>\n\t\t\t\t\t\t\t\t<div class=\"elementor-field-group elementor-column elementor-field-type-submit elementor-col-100 e-form__buttons\">\n\t\t\t\t\t<button class=\"elementor-button elementor-size-sm\" type=\"submit\">\n\t\t\t\t\t\t<span class=\"elementor-button-content-wrapper\">\n\t\t\t\t\t\t\t\t\t\t\t\t\t\t\t\t\t\t\t\t\t\t<span class=\"elementor-button-text\">Enviar<\/span>\n\t\t\t\t\t\t\t\t\t\t\t\t\t<\/span>\n\t\t\t\t\t<\/button>\n\t\t\t\t<\/div>\n\t\t\t<\/div>\n\t\t<input type=\"hidden\" name=\"trp-form-language\" value=\"pt\"\/><\/form>\n\t\t\t\t\t\t<\/div>\n\t\t\t\t<\/div>\n\t\t\t\t\t<\/div>\n\t\t<\/div>\n\t\t\t\t\t<\/div>\n\t\t<\/section>\n\t\t\t\t<\/div>","protected":false},"excerpt":{"rendered":"<p>Entre em contato conosco Preencha o formul\u00e1rio e entraremos em contato com voc\u00ea em breve. Argentina +54 9 11 32262966 info@coined.us San Jos\u00e9 de Calasanz 151, C\u00f3rdoba<\/p>","protected":false},"author":9,"featured_media":0,"parent":0,"menu_order":0,"comment_status":"closed","ping_status":"closed","template":"","meta":{"footnotes":""},"class_list":["post-9873","page","type-page","status-publish","hentry"],"yoast_head":"<!-- This site is optimized with the Yoast SEO plugin v26.8 - https:\/\/yoast.com\/product\/yoast-seo-wordpress\/ -->\n<title>Contact - Intercoined<\/title>\n<meta name=\"robots\" content=\"index, follow, max-snippet:-1, max-image-preview:large, max-video-preview:-1\" \/>\n<link rel=\"canonical\" href=\"https:\/\/intercoined.com\/pt\/contato\/\" \/>\n<meta property=\"og:locale\" content=\"pt_BR\" \/>\n<meta property=\"og:type\" content=\"article\" \/>\n<meta property=\"og:title\" content=\"Contact - Intercoined\" \/>\n<meta property=\"og:description\" content=\"Contact us Fill out the form and we will contact you shortly. Argentina +54 9 11 32262966 info@coined.us San Jos\u00e9 de Calasanz 151, C\u00f3rdoba\" \/>\n<meta property=\"og:url\" content=\"https:\/\/intercoined.com\/pt\/contato\/\" \/>\n<meta property=\"og:site_name\" content=\"Intercoined\" \/>\n<meta property=\"article:modified_time\" content=\"2026-02-13T12:55:27+00:00\" \/>\n<meta property=\"og:image\" content=\"http:\/\/intercoined.com\/wp-content\/uploads\/2023\/07\/Group-162.svg\" \/>\n<meta name=\"twitter:card\" content=\"summary_large_image\" \/>\n<meta name=\"twitter:label1\" content=\"Est. tempo de leitura\" \/>\n\t<meta name=\"twitter:data1\" content=\"2 minutos\" \/>\n<script type=\"application\/ld+json\" class=\"yoast-schema-graph\">{\"@context\":\"https:\/\/schema.org\",\"@graph\":[{\"@type\":\"WebPage\",\"@id\":\"https:\/\/intercoined.com\/pt\/contato\/\",\"url\":\"https:\/\/intercoined.com\/pt\/contato\/\",\"name\":\"Contact - Intercoined\",\"isPartOf\":{\"@id\":\"https:\/\/intercoined.com\/pt\/#website\"},\"primaryImageOfPage\":{\"@id\":\"https:\/\/intercoined.com\/pt\/contato\/#primaryimage\"},\"image\":{\"@id\":\"https:\/\/intercoined.com\/pt\/contato\/#primaryimage\"},\"thumbnailUrl\":\"http:\/\/intercoined.com\/wp-content\/uploads\/2023\/07\/Group-162.svg\",\"datePublished\":\"2025-01-28T16:42:15+00:00\",\"dateModified\":\"2026-02-13T12:55:27+00:00\",\"breadcrumb\":{\"@id\":\"https:\/\/intercoined.com\/pt\/contato\/#breadcrumb\"},\"inLanguage\":\"pt-BR\",\"potentialAction\":[{\"@type\":\"ReadAction\",\"target\":[\"https:\/\/intercoined.com\/pt\/contato\/\"]}]},{\"@type\":\"ImageObject\",\"inLanguage\":\"pt-BR\",\"@id\":\"https:\/\/intercoined.com\/pt\/contato\/#primaryimage\",\"url\":\"http:\/\/intercoined.com\/wp-content\/uploads\/2023\/07\/Group-162.svg\",\"contentUrl\":\"http:\/\/intercoined.com\/wp-content\/uploads\/2023\/07\/Group-162.svg\"},{\"@type\":\"BreadcrumbList\",\"@id\":\"https:\/\/intercoined.com\/pt\/contato\/#breadcrumb\",\"itemListElement\":[{\"@type\":\"ListItem\",\"position\":1,\"name\":\"Coined\",\"item\":\"https:\/\/intercoined.com\/\"},{\"@type\":\"ListItem\",\"position\":2,\"name\":\"Contact\"}]},{\"@type\":\"WebSite\",\"@id\":\"https:\/\/intercoined.com\/pt\/#website\",\"url\":\"https:\/\/intercoined.com\/pt\/\",\"name\":\"Intercoined\",\"description\":\"\",\"potentialAction\":[{\"@type\":\"SearchAction\",\"target\":{\"@type\":\"EntryPoint\",\"urlTemplate\":\"https:\/\/intercoined.com\/pt\/?s={search_term_string}\"},\"query-input\":{\"@type\":\"PropertyValueSpecification\",\"valueRequired\":true,\"valueName\":\"search_term_string\"}}],\"inLanguage\":\"pt-BR\"}]}<\/script>\n<!-- \/ Yoast SEO plugin. -->","yoast_head_json":{"title":"Contato - Intercoined","robots":{"index":"index","follow":"follow","max-snippet":"max-snippet:-1","max-image-preview":"max-image-preview:large","max-video-preview":"max-video-preview:-1"},"canonical":"https:\/\/intercoined.com\/pt\/contato\/","og_locale":"pt_BR","og_type":"article","og_title":"Contact - Intercoined","og_description":"Contact us Fill out the form and we will contact you shortly. Argentina +54 9 11 32262966 info@coined.us San Jos\u00e9 de Calasanz 151, C\u00f3rdoba","og_url":"https:\/\/intercoined.com\/pt\/contato\/","og_site_name":"Intercoined","article_modified_time":"2026-02-13T12:55:27+00:00","og_image":[{"url":"http:\/\/intercoined.com\/wp-content\/uploads\/2023\/07\/Group-162.svg","type":"","width":"","height":""}],"twitter_card":"summary_large_image","twitter_misc":{"Est. tempo de leitura":"2 minutos"},"schema":{"@context":"https:\/\/schema.org","@graph":[{"@type":"WebPage","@id":"https:\/\/intercoined.com\/pt\/contato\/","url":"https:\/\/intercoined.com\/pt\/contato\/","name":"Contato - Intercoined","isPartOf":{"@id":"https:\/\/intercoined.com\/pt\/#website"},"primaryImageOfPage":{"@id":"https:\/\/intercoined.com\/pt\/contato\/#primaryimage"},"image":{"@id":"https:\/\/intercoined.com\/pt\/contato\/#primaryimage"},"thumbnailUrl":"http:\/\/intercoined.com\/wp-content\/uploads\/2023\/07\/Group-162.svg","datePublished":"2025-01-28T16:42:15+00:00","dateModified":"2026-02-13T12:55:27+00:00","breadcrumb":{"@id":"https:\/\/intercoined.com\/pt\/contato\/#breadcrumb"},"inLanguage":"pt-BR","potentialAction":[{"@type":"ReadAction","target":["https:\/\/intercoined.com\/pt\/contato\/"]}]},{"@type":"ImageObject","inLanguage":"pt-BR","@id":"https:\/\/intercoined.com\/pt\/contato\/#primaryimage","url":"http:\/\/intercoined.com\/wp-content\/uploads\/2023\/07\/Group-162.svg","contentUrl":"http:\/\/intercoined.com\/wp-content\/uploads\/2023\/07\/Group-162.svg"},{"@type":"BreadcrumbList","@id":"https:\/\/intercoined.com\/pt\/contato\/#breadcrumb","itemListElement":[{"@type":"ListItem","position":1,"name":"Coined","item":"https:\/\/intercoined.com\/"},{"@type":"ListItem","position":2,"name":"Contact"}]},{"@type":"WebSite","@id":"https:\/\/intercoined.com\/pt\/#website","url":"https:\/\/intercoined.com\/pt\/","name":"Intercoined","description":"","potentialAction":[{"@type":"SearchAction","target":{"@type":"EntryPoint","urlTemplate":"https:\/\/intercoined.com\/pt\/?s={search_term_string}"},"query-input":{"@type":"PropertyValueSpecification","valueRequired":true,"valueName":"search_term_string"}}],"inLanguage":"pt-BR"}]}},"_links":{"self":[{"href":"https:\/\/intercoined.com\/pt\/wp-json\/wp\/v2\/pages\/9873","targetHints":{"allow":["GET"]}}],"collection":[{"href":"https:\/\/intercoined.com\/pt\/wp-json\/wp\/v2\/pages"}],"about":[{"href":"https:\/\/intercoined.com\/pt\/wp-json\/wp\/v2\/types\/page"}],"author":[{"embeddable":true,"href":"https:\/\/intercoined.com\/pt\/wp-json\/wp\/v2\/users\/9"}],"replies":[{"embeddable":true,"href":"https:\/\/intercoined.com\/pt\/wp-json\/wp\/v2\/comments?post=9873"}],"version-history":[{"count":27,"href":"https:\/\/intercoined.com\/pt\/wp-json\/wp\/v2\/pages\/9873\/revisions"}],"predecessor-version":[{"id":10077,"href":"https:\/\/intercoined.com\/pt\/wp-json\/wp\/v2\/pages\/9873\/revisions\/10077"}],"wp:attachment":[{"href":"https:\/\/intercoined.com\/pt\/wp-json\/wp\/v2\/media?parent=9873"}],"curies":[{"name":"wp","href":"https:\/\/api.w.org\/{rel}","templated":true}]}}